{"id":23,"date":"2019-05-31T14:49:02","date_gmt":"2019-05-31T14:49:02","guid":{"rendered":"http:\/\/becker-books.com\/?page_id=23"},"modified":"2024-07-21T21:08:36","modified_gmt":"2024-07-21T21:08:36","slug":"home","status":"publish","type":"page","link":"https:\/\/becker-books.com\/","title":{"rendered":"Home"},"content":{"rendered":"\t\t<div data-elementor-type=\"wp-post\" data-elementor-id=\"23\" class=\"elementor elementor-23\">\n\t\t\t\t\t\t<section class=\"elementor-section elementor-top-section elementor-element elementor-element-d534ed0 elementor-section-full_width elementor-section-height-default elementor-section-height-default\" data-id=\"d534ed0\" data-element_type=\"section\" data-e-type=\"section\">\n\t\t\t\t\t\t<div class=\"elementor-container elementor-column-gap-default\">\n\t\t\t\t\t<div class=\"elementor-column elementor-col-100 elementor-top-column elementor-element elementor-element-82836b9\" data-id=\"82836b9\" data-element_type=\"column\" data-e-type=\"column\">\n\t\t\t<div class=\"elementor-widget-wrap elementor-element-populated\">\n\t\t\t\t\t\t<div class=\"elementor-element elementor-element-2aebbe5 elementor-invisible elementor-widget elementor-widget-image\" data-id=\"2aebbe5\" data-element_type=\"widget\" data-e-type=\"widget\" data-settings=\"{&quot;_animation&quot;:&quot;fadeInDown&quot;}\" data-widget_type=\"image.default\">\n\t\t\t\t<div class=\"elementor-widget-container\">\n\t\t\t\t\t\t\t\t\t\t\t\t\t\t\t<img fetchpriority=\"high\" decoding=\"async\" width=\"2500\" height=\"869\" src=\"https:\/\/becker-books.com\/wp-content\/uploads\/2024\/07\/banner8.jpg\" class=\"attachment-full size-full wp-image-461\" alt=\"\" srcset=\"https:\/\/becker-books.com\/wp-content\/uploads\/2024\/07\/banner8.jpg 2500w, https:\/\/becker-books.com\/wp-content\/uploads\/2024\/07\/banner8-300x104.jpg 300w, https:\/\/becker-books.com\/wp-content\/uploads\/2024\/07\/banner8-1024x356.jpg 1024w, https:\/\/becker-books.com\/wp-content\/uploads\/2024\/07\/banner8-768x267.jpg 768w, https:\/\/becker-books.com\/wp-content\/uploads\/2024\/07\/banner8-1536x534.jpg 1536w, https:\/\/becker-books.com\/wp-content\/uploads\/2024\/07\/banner8-2048x712.jpg 2048w\" sizes=\"(max-width: 2500px) 100vw, 2500px\" \/>\t\t\t\t\t\t\t\t\t\t\t\t\t\t\t<\/div>\n\t\t\t\t<\/div>\n\t\t\t\t\t<\/div>\n\t\t<\/div>\n\t\t\t\t\t<\/div>\n\t\t<\/section>\n\t\t\t\t<section class=\"elementor-section elementor-top-section elementor-element elementor-element-0d1bba0 elementor-section-boxed elementor-section-height-default elementor-section-height-default\" data-id=\"0d1bba0\" data-element_type=\"section\" data-e-type=\"section\" data-settings=\"{&quot;background_background&quot;:&quot;classic&quot;}\">\n\t\t\t\t\t\t<div class=\"elementor-container elementor-column-gap-default\">\n\t\t\t\t\t<div class=\"elementor-column elementor-col-100 elementor-top-column elementor-element elementor-element-634f15a\" data-id=\"634f15a\" data-element_type=\"column\" data-e-type=\"column\">\n\t\t\t<div class=\"elementor-widget-wrap elementor-element-populated\">\n\t\t\t\t\t\t\t<\/div>\n\t\t<\/div>\n\t\t\t\t\t<\/div>\n\t\t<\/section>\n\t\t\t\t<section class=\"elementor-section elementor-top-section elementor-element elementor-element-cc94384 elementor-section-boxed elementor-section-height-default elementor-section-height-default\" data-id=\"cc94384\" data-element_type=\"section\" data-e-type=\"section\" data-settings=\"{&quot;background_background&quot;:&quot;classic&quot;}\">\n\t\t\t\t\t\t<div class=\"elementor-container elementor-column-gap-default\">\n\t\t\t\t\t<div class=\"elementor-column elementor-col-50 elementor-top-column elementor-element elementor-element-98e9427\" data-id=\"98e9427\" data-element_type=\"column\" data-e-type=\"column\">\n\t\t\t<div class=\"elementor-widget-wrap elementor-element-populated\">\n\t\t\t\t\t\t<div class=\"elementor-element elementor-element-713f572 elementor-widget elementor-widget-image\" data-id=\"713f572\" data-element_type=\"widget\" data-e-type=\"widget\" data-widget_type=\"image.default\">\n\t\t\t\t<div class=\"elementor-widget-container\">\n\t\t\t\t\t\t\t\t\t\t\t\t\t\t\t<img decoding=\"async\" width=\"963\" height=\"1024\" src=\"https:\/\/becker-books.com\/wp-content\/uploads\/2024\/07\/die-vollendete_titel-963x1024.png\" class=\"attachment-large size-large wp-image-432\" alt=\"\" srcset=\"https:\/\/becker-books.com\/wp-content\/uploads\/2024\/07\/die-vollendete_titel-963x1024.png 963w, https:\/\/becker-books.com\/wp-content\/uploads\/2024\/07\/die-vollendete_titel-282x300.png 282w, https:\/\/becker-books.com\/wp-content\/uploads\/2024\/07\/die-vollendete_titel-768x816.png 768w, https:\/\/becker-books.com\/wp-content\/uploads\/2024\/07\/die-vollendete_titel.png 1003w\" sizes=\"(max-width: 963px) 100vw, 963px\" \/>\t\t\t\t\t\t\t\t\t\t\t\t\t\t\t<\/div>\n\t\t\t\t<\/div>\n\t\t\t\t\t<\/div>\n\t\t<\/div>\n\t\t\t\t<div class=\"elementor-column elementor-col-50 elementor-top-column elementor-element elementor-element-1a18317\" data-id=\"1a18317\" data-element_type=\"column\" data-e-type=\"column\">\n\t\t\t<div class=\"elementor-widget-wrap elementor-element-populated\">\n\t\t\t\t\t\t<div class=\"elementor-element elementor-element-de89442 elementor-widget elementor-widget-text-editor\" data-id=\"de89442\" data-element_type=\"widget\" data-e-type=\"widget\" data-widget_type=\"text-editor.default\">\n\t\t\t\t<div class=\"elementor-widget-container\">\n\t\t\t\t\t\t\t\t\t<h2>Die Vollendete<\/h2><div class=\"a-expander-content a-expander-partial-collapse-content\" data-expanded=\"false\"><p>Die Pianistin Margret hat mit dem Leben schon abgeschlossen und sieht ihrem nahen Tod gelassen entgegen. Doch anstatt zu sterben, erwacht sie wieder aus dem Koma und sieht in einen Spiegel. Das Gesicht kennt sie, es ist nicht ihr eigenes.<\/p><p>Gefangen in einem fremden K\u00f6rper beginnt Margret ein neues Leben, in dem sie nicht nur mit dem Verlust ihrer eigenen Identit\u00e4t, sondern auch mit den dunklen Geheimnissen ihres Mannes konfrontiert wird.<\/p><p style=\"text-align: center;\"><strong>Was ist der Preis f\u00fcr ein zweites Leben?<\/strong><\/p><p style=\"text-align: center;\"><strong><span class=\"a-text-bold\">Ein Psychothriller \u00fcber die Abgr\u00fcnde menschlicher Besessenheit.<\/span><\/strong><\/p><\/div><p style=\"text-align: center;\"><strong><a href=\"https:\/\/becker-books.com\/wp-content\/uploads\/2024\/07\/die-vollendete_leseprobe.pdf\">Leseprobe<\/a><\/strong><\/p>\t\t\t\t\t\t\t\t<\/div>\n\t\t\t\t<\/div>\n\t\t\t\t\t<\/div>\n\t\t<\/div>\n\t\t\t\t\t<\/div>\n\t\t<\/section>\n\t\t\t\t<section class=\"elementor-section elementor-top-section elementor-element elementor-element-9ac2647 elementor-section-boxed elementor-section-height-default elementor-section-height-default\" data-id=\"9ac2647\" data-element_type=\"section\" data-e-type=\"section\">\n\t\t\t\t\t\t<div class=\"elementor-container elementor-column-gap-default\">\n\t\t\t\t\t<div class=\"elementor-column elementor-col-33 elementor-top-column elementor-element elementor-element-6b60e5c\" data-id=\"6b60e5c\" data-element_type=\"column\" data-e-type=\"column\">\n\t\t\t<div class=\"elementor-widget-wrap elementor-element-populated\">\n\t\t\t\t\t\t<div class=\"elementor-element elementor-element-170e726 elementor-position-top elementor-widget elementor-widget-image-box\" data-id=\"170e726\" data-element_type=\"widget\" data-e-type=\"widget\" data-widget_type=\"image-box.default\">\n\t\t\t\t<div class=\"elementor-widget-container\">\n\t\t\t\t\t<div class=\"elementor-image-box-wrapper\"><figure class=\"elementor-image-box-img\"><img decoding=\"async\" width=\"1617\" height=\"2560\" src=\"https:\/\/becker-books.com\/wp-content\/uploads\/2019\/06\/amazon_cover.jpg\" class=\"attachment-full size-full wp-image-169\" alt=\"\" srcset=\"https:\/\/becker-books.com\/wp-content\/uploads\/2019\/06\/amazon_cover.jpg 1617w, https:\/\/becker-books.com\/wp-content\/uploads\/2019\/06\/amazon_cover-189x300.jpg 189w, https:\/\/becker-books.com\/wp-content\/uploads\/2019\/06\/amazon_cover-768x1216.jpg 768w, https:\/\/becker-books.com\/wp-content\/uploads\/2019\/06\/amazon_cover-647x1024.jpg 647w\" sizes=\"(max-width: 1617px) 100vw, 1617px\" \/><\/figure><div class=\"elementor-image-box-content\"><h2 class=\"elementor-image-box-title\"><h3>Lieblings-LEICHE<\/h2><h6>Cosy-Krimi f\u00fcr alle<\/h6><\/h2><p class=\"elementor-image-box-description\">Der Detektiv ist tot, ertrunken im Teich eines Golfplatzes. Seine Mitarbeiterin Mathilda will seinen M\u00f6rder suchen, obwohl die Polizei von einem Unfall ausgeht. Dabei steht sie sich mit ihrem eher auff\u00e4lligen Auftreten und ihrer kompromisslosen Tierliebe selbst im Weg.\nDas Ganze ist aber nur so lange lustig, bis der M\u00f6rder sich wieder meldet.<\/p><\/div><\/div>\t\t\t\t<\/div>\n\t\t\t\t<\/div>\n\t\t\t\t\t<\/div>\n\t\t<\/div>\n\t\t\t\t<div class=\"elementor-column elementor-col-33 elementor-top-column elementor-element elementor-element-f1bb6c3\" data-id=\"f1bb6c3\" data-element_type=\"column\" data-e-type=\"column\">\n\t\t\t<div class=\"elementor-widget-wrap elementor-element-populated\">\n\t\t\t\t\t\t<div class=\"elementor-element elementor-element-6c274d7 elementor-position-top elementor-widget elementor-widget-image-box\" data-id=\"6c274d7\" data-element_type=\"widget\" data-e-type=\"widget\" data-widget_type=\"image-box.default\">\n\t\t\t\t<div class=\"elementor-widget-container\">\n\t\t\t\t\t<div class=\"elementor-image-box-wrapper\"><figure class=\"elementor-image-box-img\"><img loading=\"lazy\" decoding=\"async\" width=\"692\" height=\"1100\" src=\"https:\/\/becker-books.com\/wp-content\/uploads\/2021\/08\/Amazon_Mathilda2_lm.jpg\" class=\"attachment-full size-full wp-image-256\" alt=\"\" srcset=\"https:\/\/becker-books.com\/wp-content\/uploads\/2021\/08\/Amazon_Mathilda2_lm.jpg 692w, https:\/\/becker-books.com\/wp-content\/uploads\/2021\/08\/Amazon_Mathilda2_lm-189x300.jpg 189w, https:\/\/becker-books.com\/wp-content\/uploads\/2021\/08\/Amazon_Mathilda2_lm-644x1024.jpg 644w\" sizes=\"(max-width: 692px) 100vw, 692px\" \/><\/figure><div class=\"elementor-image-box-content\"><h2 class=\"elementor-image-box-title\"><h3>Lieblings-M\u00d6RDER<\/h2><h6>Cosy-Krimi f\u00fcr alle<\/h6><\/h2><p class=\"elementor-image-box-description\">Ausgerechnet in einem Pelzgesch\u00e4ft soll die tierliebe Privatdetektivin Mathilda undercover ermitteln! Aber hier ist sehr viel Geld aufgetaucht und kurze Zeit sp\u00e4ter ein Mann spurlos verschwunden. Im B\u00fcro h\u00e4ngen alte Waffen und eine Gro\u00dfwildj\u00e4gerin n\u00e4ht flauschige Westen, die gar keine Westen sind.\n<\/p><\/div><\/div>\t\t\t\t<\/div>\n\t\t\t\t<\/div>\n\t\t\t\t\t<\/div>\n\t\t<\/div>\n\t\t\t\t<div class=\"elementor-column elementor-col-33 elementor-top-column elementor-element elementor-element-a1ba746\" data-id=\"a1ba746\" data-element_type=\"column\" data-e-type=\"column\">\n\t\t\t<div class=\"elementor-widget-wrap elementor-element-populated\">\n\t\t\t\t\t\t<div class=\"elementor-element elementor-element-157bde1 elementor-position-top elementor-widget elementor-widget-image-box\" data-id=\"157bde1\" data-element_type=\"widget\" data-e-type=\"widget\" data-widget_type=\"image-box.default\">\n\t\t\t\t<div class=\"elementor-widget-container\">\n\t\t\t\t\t<div class=\"elementor-image-box-wrapper\"><figure class=\"elementor-image-box-img\"><img loading=\"lazy\" decoding=\"async\" width=\"504\" height=\"800\" src=\"https:\/\/becker-books.com\/wp-content\/uploads\/2024\/07\/lieblingsopfer_titel_internet.jpg\" class=\"attachment-full size-full wp-image-440\" alt=\"\" srcset=\"https:\/\/becker-books.com\/wp-content\/uploads\/2024\/07\/lieblingsopfer_titel_internet.jpg 504w, https:\/\/becker-books.com\/wp-content\/uploads\/2024\/07\/lieblingsopfer_titel_internet-189x300.jpg 189w\" sizes=\"(max-width: 504px) 100vw, 504px\" \/><\/figure><div class=\"elementor-image-box-content\"><h2 class=\"elementor-image-box-title\"><h3>Lieblings-OPFER<\/h2><h6>Cosy-Krimi f\u00fcr alle<\/h6><\/h2><p class=\"elementor-image-box-description\"> Eine Tote in der neuen Nobel-Kurklinik. Und das zum ung\u00fcnstigsten Zeitpunkt: kurz vor der Ankunft der  handverlesenen G\u00e4ste. \nDie Detektive erwartet eine Woche voller skurriler und unerwarteter Vorf\u00e4lle, bei denen nicht nur eine Nacktkatze auf Abwegen und eine eifers\u00fcchtige Fregatte hinter den Edelholzt\u00fcren lauern.\n\n<\/p><\/div><\/div>\t\t\t\t<\/div>\n\t\t\t\t<\/div>\n\t\t\t\t\t<\/div>\n\t\t<\/div>\n\t\t\t\t\t<\/div>\n\t\t<\/section>\n\t\t\t\t<section class=\"elementor-section elementor-top-section elementor-element elementor-element-d7182a2 elementor-section-boxed elementor-section-height-default elementor-section-height-default\" data-id=\"d7182a2\" data-element_type=\"section\" data-e-type=\"section\">\n\t\t\t\t\t\t<div class=\"elementor-container elementor-column-gap-default\">\n\t\t\t\t\t<div class=\"elementor-column elementor-col-33 elementor-top-column elementor-element elementor-element-19d03e8\" data-id=\"19d03e8\" data-element_type=\"column\" data-e-type=\"column\">\n\t\t\t<div class=\"elementor-widget-wrap elementor-element-populated\">\n\t\t\t\t\t\t<div class=\"elementor-element elementor-element-23f5084 elementor-position-top elementor-widget elementor-widget-image-box\" data-id=\"23f5084\" data-element_type=\"widget\" data-e-type=\"widget\" data-widget_type=\"image-box.default\">\n\t\t\t\t<div class=\"elementor-widget-container\">\n\t\t\t\t\t<div class=\"elementor-image-box-wrapper\"><figure class=\"elementor-image-box-img\"><img loading=\"lazy\" decoding=\"async\" width=\"158\" height=\"250\" src=\"https:\/\/becker-books.com\/wp-content\/uploads\/2019\/05\/om.png\" class=\"attachment-full size-full wp-image-62\" alt=\"\" \/><\/figure><div class=\"elementor-image-box-content\"><h3 class=\"elementor-image-box-title\"><h3>Opfermodus<\/h3><h6>Jugendroman <\/h3><p class=\"elementor-image-box-description\">Was tust du, wenn du eines Tages aufwachst, dein Vater verschwunden und du selbst eine unfertige T\u00e4towierung auf der Schulter hast? Genau vor diesen Fragen steht Juna. Sie flieht aus ihrem Haus und gewinnt auf ihrer Flucht neue Freunde und auch m\u00e4chtige Feinde. Kann sie das R\u00e4tsel entschl\u00fcsseln?<br><a href=\"http:\/\/www.becker-books.com\/Juna llp.pdf\"><b>Leseprobe<\/b><\/a><\/p><\/div><\/div>\t\t\t\t<\/div>\n\t\t\t\t<\/div>\n\t\t\t\t\t<\/div>\n\t\t<\/div>\n\t\t\t\t<div class=\"elementor-column elementor-col-33 elementor-top-column elementor-element elementor-element-5645968\" data-id=\"5645968\" data-element_type=\"column\" data-e-type=\"column\">\n\t\t\t<div class=\"elementor-widget-wrap elementor-element-populated\">\n\t\t\t\t\t\t<div class=\"elementor-element elementor-element-07009e2 elementor-position-top elementor-widget elementor-widget-image-box\" data-id=\"07009e2\" data-element_type=\"widget\" data-e-type=\"widget\" data-widget_type=\"image-box.default\">\n\t\t\t\t<div class=\"elementor-widget-container\">\n\t\t\t\t\t<div class=\"elementor-image-box-wrapper\"><figure class=\"elementor-image-box-img\"><img loading=\"lazy\" decoding=\"async\" width=\"175\" height=\"250\" src=\"https:\/\/becker-books.com\/wp-content\/uploads\/2019\/05\/rabena.jpg\" class=\"attachment-full size-full wp-image-63\" alt=\"\" \/><\/figure><div class=\"elementor-image-box-content\"><h3 class=\"elementor-image-box-title\"><h3>Rabena<\/h2><h6>Kinder- und Jugendroman<\/h6><\/h3><p class=\"elementor-image-box-description\">D\u00fcrfen Hexen Schokolade essen? Handys benutzen? Fahrrad fahren? Auf keinen Fall!\n\nUnd bisher ist die zw\u00f6lfj\u00e4hrige Hexe Rabena auch nie auf die Idee gekommen, weil es solche Dinge im Hexenwald einfach nicht gibt ...<br><a href=\"http:\/\/www.becker-books.com\/Rabena_Leseprobe.pdf\"><b>Leseprobe<\/b><\/a><\/p><\/div><\/div>\t\t\t\t<\/div>\n\t\t\t\t<\/div>\n\t\t\t\t\t<\/div>\n\t\t<\/div>\n\t\t\t\t<div class=\"elementor-column elementor-col-33 elementor-top-column elementor-element elementor-element-d09236a\" data-id=\"d09236a\" data-element_type=\"column\" data-e-type=\"column\">\n\t\t\t<div class=\"elementor-widget-wrap elementor-element-populated\">\n\t\t\t\t\t\t<div class=\"elementor-element elementor-element-aa1f68f elementor-position-top elementor-widget elementor-widget-image-box\" data-id=\"aa1f68f\" data-element_type=\"widget\" data-e-type=\"widget\" data-widget_type=\"image-box.default\">\n\t\t\t\t<div class=\"elementor-widget-container\">\n\t\t\t\t\t<div class=\"elementor-image-box-wrapper\"><figure class=\"elementor-image-box-img\"><img loading=\"lazy\" decoding=\"async\" width=\"177\" height=\"250\" src=\"https:\/\/becker-books.com\/wp-content\/uploads\/2019\/05\/sc.png\" class=\"attachment-full size-full wp-image-65\" alt=\"\" \/><\/figure><div class=\"elementor-image-box-content\"><h3 class=\"elementor-image-box-title\"><h3>Snouki &amp; Couscous<\/h2><h6>Zweisprachiges Kinderbuch<\/h6><\/h3><p class=\"elementor-image-box-description\">Obwohl er Hunde nicht ausstehen kann, rettet der Stra\u00dfenkater Couscous den kleinen Streuner Snouki aus einer verzweifelten Lage. Er will aber deshalb nicht gleich sein Freund sein, es sei denn, Snouki verh\u00e4lt sich wie eine Katze. <br><a href=\"http:\/\/www.becker-books.com\/lp_sc_zweisprachig.pdf\"><b>Leseprobe<\/b><\/a><\/p><\/div><\/div>\t\t\t\t<\/div>\n\t\t\t\t<\/div>\n\t\t\t\t\t<\/div>\n\t\t<\/div>\n\t\t\t\t\t<\/div>\n\t\t<\/section>\n\t\t\t\t<section class=\"elementor-section elementor-top-section elementor-element elementor-element-01f43f8 elementor-section-boxed elementor-section-height-default elementor-section-height-default\" data-id=\"01f43f8\" data-element_type=\"section\" data-e-type=\"section\">\n\t\t\t\t\t\t<div class=\"elementor-container elementor-column-gap-default\">\n\t\t\t\t\t<div class=\"elementor-column elementor-col-33 elementor-top-column elementor-element elementor-element-b8d7a3d\" data-id=\"b8d7a3d\" data-element_type=\"column\" data-e-type=\"column\">\n\t\t\t<div class=\"elementor-widget-wrap elementor-element-populated\">\n\t\t\t\t\t\t<div class=\"elementor-element elementor-element-2894085 elementor-position-top elementor-widget elementor-widget-image-box\" data-id=\"2894085\" data-element_type=\"widget\" data-e-type=\"widget\" data-widget_type=\"image-box.default\">\n\t\t\t\t<div class=\"elementor-widget-container\">\n\t\t\t\t\t<div class=\"elementor-image-box-wrapper\"><figure class=\"elementor-image-box-img\"><img loading=\"lazy\" decoding=\"async\" width=\"176\" height=\"250\" src=\"https:\/\/becker-books.com\/wp-content\/uploads\/2019\/05\/achja.png\" class=\"attachment-full size-full wp-image-60\" alt=\"\" \/><\/figure><div class=\"elementor-image-box-content\"><h3 class=\"elementor-image-box-title\"><h3>Ach ja, das kenn ich auch<\/h2><h6>Bilderbuch f\u00fcr demente Senioren<\/h6><\/h3><p class=\"elementor-image-box-description\">Ein Bilderbuch f\u00fcr an Demenz oder Alzheimer erkrankte Senioren mit Fotos von Alltagsgegenst\u00e4nden aus den 50er und 60er Jahren, die bei den meisten \u00e4lteren Menschen positive Erinnerungen an die eigene fr\u00fche Vergangenheit hervorrufen. <br><a href=\"http:\/\/www.becker-books.com\/bsp_ach_daskennichauch.pdf\"><b>Beispiele<\/b><\/a><\/p><\/div><\/div>\t\t\t\t<\/div>\n\t\t\t\t<\/div>\n\t\t\t\t\t<\/div>\n\t\t<\/div>\n\t\t\t\t<div class=\"elementor-column elementor-col-33 elementor-top-column elementor-element elementor-element-e1c63a5\" data-id=\"e1c63a5\" data-element_type=\"column\" data-e-type=\"column\">\n\t\t\t<div class=\"elementor-widget-wrap elementor-element-populated\">\n\t\t\t\t\t\t<div class=\"elementor-element elementor-element-508fb60 elementor-position-top elementor-widget elementor-widget-image-box\" data-id=\"508fb60\" data-element_type=\"widget\" data-e-type=\"widget\" data-widget_type=\"image-box.default\">\n\t\t\t\t<div class=\"elementor-widget-container\">\n\t\t\t\t\t<div class=\"elementor-image-box-wrapper\"><figure class=\"elementor-image-box-img\"><img loading=\"lazy\" decoding=\"async\" width=\"188\" height=\"250\" src=\"https:\/\/becker-books.com\/wp-content\/uploads\/2019\/05\/rotk.png\" class=\"attachment-full size-full wp-image-64\" alt=\"\" \/><\/figure><div class=\"elementor-image-box-content\"><h3 class=\"elementor-image-box-title\"><h3>Rotk\u00f6pfchen und der Wolf<\/h2><h6>Puppentheater f\u00fcr Kleinkinder<\/h6><\/h3><p class=\"elementor-image-box-description\">Puppentheater macht allen Kindern Spa\u00df! Es gibt unz\u00e4hlige Gelegenheiten ein St\u00fcck aufzuf\u00fchren: das kann ein Sommerfest im Kindergarten sein oder auch nur ein verregneter Herbsttag zu Hause, ein Familienfest oder ein Kindergeburtstag.\n\nRotk\u00f6pfchen ist ein St\u00fcck f\u00fcr vier Puppen, sollte also von zwei Erwachsenen aufgef\u00fchrt werden und dauert etwa 15 - 20 Minuten + einer kleinen Pause.\n<br><a href=\"http:\/\/www.becker-books.com\/leseprobe_puppenthaeter.pdf\"><b>Leseprobe<\/b><\/a><\/p><\/div><\/div>\t\t\t\t<\/div>\n\t\t\t\t<\/div>\n\t\t\t\t\t<\/div>\n\t\t<\/div>\n\t\t\t\t<div class=\"elementor-column elementor-col-33 elementor-top-column elementor-element elementor-element-0c1f0bb\" data-id=\"0c1f0bb\" data-element_type=\"column\" data-e-type=\"column\">\n\t\t\t<div class=\"elementor-widget-wrap\">\n\t\t\t\t\t\t\t<\/div>\n\t\t<\/div>\n\t\t\t\t\t<\/div>\n\t\t<\/section>\n\t\t\t\t<section class=\"elementor-section elementor-top-section elementor-element elementor-element-b8957a5 elementor-section-boxed elementor-section-height-default elementor-section-height-default\" data-id=\"b8957a5\" data-element_type=\"section\" data-e-type=\"section\">\n\t\t\t\t\t\t<div class=\"elementor-container elementor-column-gap-default\">\n\t\t\t\t\t<div class=\"elementor-column elementor-col-100 elementor-top-column elementor-element elementor-element-7f019e5\" data-id=\"7f019e5\" data-element_type=\"column\" data-e-type=\"column\">\n\t\t\t<div class=\"elementor-widget-wrap elementor-element-populated\">\n\t\t\t\t\t\t<div class=\"elementor-element elementor-element-c7cffa2 elementor-widget elementor-widget-wp-widget-pages\" data-id=\"c7cffa2\" data-element_type=\"widget\" data-e-type=\"widget\" data-widget_type=\"wp-widget-pages.default\">\n\t\t\t\t<div class=\"elementor-widget-container\">\n\t\t\t\t\t<h5>Seiten<\/h5>\n\t\t\t<ul>\n\t\t\t\t<li class=\"page_item page-item-221\"><a href=\"https:\/\/becker-books.com\/?page_id=221\">BLOG<\/a><\/li>\n<li class=\"page_item page-item-23\"><a href=\"https:\/\/becker-books.com\/\">Home<\/a><\/li>\n<li class=\"page_item page-item-180\"><a href=\"https:\/\/becker-books.com\/?page_id=180\">Newsletter<\/a><\/li>\n<li class=\"page_item page-item-115\"><a href=\"https:\/\/becker-books.com\/?page_id=115\">\u00dcber mich<\/a><\/li>\n\t\t\t<\/ul>\n\n\t\t\t\t\t\t\t<\/div>\n\t\t\t\t<\/div>\n\t\t\t\t\t<\/div>\n\t\t<\/div>\n\t\t\t\t\t<\/div>\n\t\t<\/section>\n\t\t\t\t<\/div>\n\t\t","protected":false},"excerpt":{"rendered":"<p>Die Vollendete Die Pianistin Margret hat mit dem Leben schon abgeschlossen und sieht ihrem nahen Tod gelassen entgegen. Doch anstatt zu sterben, erwacht sie wieder aus dem Koma und sieht in einen Spiegel. Das Gesicht kennt sie, es ist nicht ihr eigenes. Gefangen in einem fremden K\u00f6rper beginnt Margret ein neues Leben, in dem sie&hellip;<\/p>\n","protected":false},"author":1,"featured_media":21,"parent":0,"menu_order":0,"comment_status":"closed","ping_status":"closed","template":"","meta":{"footnotes":""},"class_list":["post-23","page","type-page","status-publish","has-post-thumbnail","hentry"],"_links":{"self":[{"href":"https:\/\/becker-books.com\/index.php?rest_route=\/wp\/v2\/pages\/23"}],"collection":[{"href":"https:\/\/becker-books.com\/index.php?rest_route=\/wp\/v2\/pages"}],"about":[{"href":"https:\/\/becker-books.com\/index.php?rest_route=\/wp\/v2\/types\/page"}],"author":[{"embeddable":true,"href":"https:\/\/becker-books.com\/index.php?rest_route=\/wp\/v2\/users\/1"}],"replies":[{"embeddable":true,"href":"https:\/\/becker-books.com\/index.php?rest_route=%2Fwp%2Fv2%2Fcomments&post=23"}],"version-history":[{"count":101,"href":"https:\/\/becker-books.com\/index.php?rest_route=\/wp\/v2\/pages\/23\/revisions"}],"predecessor-version":[{"id":487,"href":"https:\/\/becker-books.com\/index.php?rest_route=\/wp\/v2\/pages\/23\/revisions\/487"}],"wp:featuredmedia":[{"embeddable":true,"href":"https:\/\/becker-books.com\/index.php?rest_route=\/wp\/v2\/media\/21"}],"wp:attachment":[{"href":"https:\/\/becker-books.com\/index.php?rest_route=%2Fwp%2Fv2%2Fmedia&parent=23"}],"curies":[{"name":"wp","href":"https:\/\/api.w.org\/{rel}","templated":true}]}}